{"id":6,"date":"2024-06-05T14:15:37","date_gmt":"2024-06-05T12:15:37","guid":{"rendered":"https:\/\/sliceme.fr\/?page_id=6"},"modified":"2024-06-26T11:06:52","modified_gmt":"2024-06-26T09:06:52","slug":"home","status":"publish","type":"page","link":"https:\/\/sliceme.fr\/","title":{"rendered":"Accueil"},"content":{"rendered":"\n<div class=\"wp-block-cover alignfull is-light has-border-color has-nv-text-dark-bg-border-color wp-duotone-unset-2 wp-elements-a40d0e411cdcc5987be53341017c3cf5\" style=\"min-height:547px;aspect-ratio:unset;\"><span aria-hidden=\"true\" class=\"wp-block-cover__background has-background-dim-0 has-background-dim\" style=\"background-color:#959290\"><\/span><div class=\"wp-block-cover__inner-container is-layout-flow wp-block-cover-is-layout-flow\">\n<p><\/p>\n\n\n\n<p><\/p>\n\n\n\n<div class=\"wp-block-buttons alignwide is-content-justification-center is-layout-flex wp-container-core-buttons-is-layout-1 wp-block-buttons-is-layout-flex\">\n<div class=\"wp-block-button is-style-default\"><a class=\"wp-block-button__link has-background wp-element-button\" href=\"https:\/\/sliceme.fr\/index.php\/portofolio\/\" style=\"background-color:#f94129\">PROGRAMMATION<\/a><\/div>\n\n\n\n<div class=\"wp-block-button is-style-secondary\"><a class=\"wp-block-button__link wp-element-button\" href=\"https:\/\/sliceme.fr\/index.php\/about\/\">NOUS CONTACTER<\/a><\/div>\n<\/div>\n\n\n\n\n\n\n\n\n\n<figure class=\"wp-block-gallery has-nested-images columns-default is-cropped wp-block-gallery-1 is-layout-flex wp-block-gallery-is-layout-flex\"><\/figure>\n<\/div><\/div>\n\n\n\n<p><\/p>\n\n\n\n<div class=\"wp-block-cover alignfull is-light\" style=\"min-height:600px;aspect-ratio:unset;\"><span aria-hidden=\"true\" class=\"wp-block-cover__background has-background-dim-100 has-background-dim\" style=\"background-color:#f24040\"><\/span><div class=\"wp-block-cover__inner-container is-layout-flow wp-block-cover-is-layout-flow\">\n<div class=\"wp-block-group\"><div class=\"wp-block-group__inner-container is-layout-flow wp-block-group-is-layout-flow\">\n<div class=\"wp-block-columns are-vertically-aligned-center is-layout-flex wp-container-core-columns-is-layout-1 wp-block-columns-is-layout-flex\">\n<div class=\"wp-block-column is-vertically-aligned-center is-layout-flow wp-block-column-is-layout-flow\" style=\"flex-basis:50%\">\n<figure class=\"wp-block-image size-large\"><img loading=\"lazy\" decoding=\"async\" width=\"683\" height=\"1024\" src=\"https:\/\/sliceme.fr\/wp-content\/uploads\/2024\/06\/Mathieu_foucher_MACKI_10_ANS43-1-683x1024.jpg\" alt=\"\" class=\"wp-image-81\" srcset=\"https:\/\/sliceme.fr\/wp-content\/uploads\/2024\/06\/Mathieu_foucher_MACKI_10_ANS43-1-683x1024.jpg 683w, https:\/\/sliceme.fr\/wp-content\/uploads\/2024\/06\/Mathieu_foucher_MACKI_10_ANS43-1-200x300.jpg 200w, https:\/\/sliceme.fr\/wp-content\/uploads\/2024\/06\/Mathieu_foucher_MACKI_10_ANS43-1-768x1151.jpg 768w, https:\/\/sliceme.fr\/wp-content\/uploads\/2024\/06\/Mathieu_foucher_MACKI_10_ANS43-1-1025x1536.jpg 1025w, https:\/\/sliceme.fr\/wp-content\/uploads\/2024\/06\/Mathieu_foucher_MACKI_10_ANS43-1-1366x2048.jpg 1366w, https:\/\/sliceme.fr\/wp-content\/uploads\/2024\/06\/Mathieu_foucher_MACKI_10_ANS43-1-scaled.jpg 1708w\" sizes=\"(max-width: 683px) 100vw, 683px\" \/><\/figure>\n<\/div>\n\n\n\n<div class=\"wp-block-column is-vertically-aligned-center is-layout-flow wp-block-column-is-layout-flow\" style=\"padding-right:var(--wp--preset--spacing--40);padding-left:var(--wp--preset--spacing--40);flex-basis:50%\">\n<div style=\"height:20px\" aria-hidden=\"true\" class=\"wp-block-spacer\"><\/div>\n\n\n\n<h2 class=\"wp-block-heading has-text-align-left has-nv-site-bg-color has-text-color has-large-font-size\">LE LIEU<\/h2>\n\n\n\n<p class=\"has-nv-site-bg-color has-text-color has-link-color wp-elements-0a9797a5cf964ea771d25ec284c9cc19\" style=\"font-size:14px\">Entre le tiers-lieu et la friche, avec une grande sc\u00e8ne, ses coins chills, ses bars et son point de restauration sur le pouce,&nbsp;<strong>Slice<\/strong>&nbsp;se veut d\u00e9di\u00e9 aux habitants de Montreuil et du 20e, mais souhaite \u00e9galement \u00eatre le futur hotspot des amateurs d&rsquo;open air en tout genre, marque de fabrique et v\u00e9ritable p\u00e9ch\u00e9 mignon des membres du label. Le tout \u00e0 quelques dizaines de m\u00e8tres seulement des m\u00e9tros Saint Mand\u00e9 (Ligne 1) et Porte de Montreuil (Ligne 9) !&nbsp;<\/p>\n\n\n\n<p class=\"has-nv-site-bg-color has-text-color has-link-color wp-elements-59db14f3291656403879b57f5294798a\" style=\"font-size:14px\">Avec&nbsp;<strong>Slice<\/strong>, Cracki mise de juin \u00e0 octobre sur une programmation aussi \u00e9clectique qu&rsquo;aventureuse, avec comme objectif de m\u00e9langer et se faire rencontrer diff\u00e9rents publics en invitant des collectifs, artistes, labels, m\u00e9dias ou acteurs de la vie associative du quartier \u00e0 s&rsquo;approprier le lieu et \u00e0 en faire un point de rendez-vous incontournable de l&rsquo;\u00e9t\u00e9.&nbsp;<\/p>\n\n\n\n<div class=\"wp-block-buttons is-content-justification-left is-layout-flex wp-container-core-buttons-is-layout-2 wp-block-buttons-is-layout-flex\">\n<div class=\"wp-block-button is-style-default\"><a class=\"wp-block-button__link has-nv-dark-bg-color has-nv-site-bg-background-color has-text-color has-background has-link-color wp-element-button\" href=\"https:\/\/sliceme.fr\/index.php\/portofolio\/\">EN SAVOIR PLUS<\/a><\/div>\n<\/div>\n<\/div>\n<\/div>\n<\/div><\/div>\n<\/div><\/div>\n\n\n\n<p><\/p>\n\n\n\n<div class=\"wp-block-cover alignfull is-light\" style=\"min-height:600px;aspect-ratio:unset;\"><span aria-hidden=\"true\" class=\"wp-block-cover__background has-background-dim\" style=\"background-color:#e5ff79\"><\/span><img loading=\"lazy\" decoding=\"async\" width=\"6912\" height=\"3456\" class=\"wp-block-cover__image-background wp-image-77\" alt=\"\" src=\"https:\/\/sliceme.fr\/wp-content\/uploads\/2024\/06\/Design-sans-titre-3.png\" style=\"object-position:54% 48%\" data-object-fit=\"cover\" data-object-position=\"54% 48%\" srcset=\"https:\/\/sliceme.fr\/wp-content\/uploads\/2024\/06\/Design-sans-titre-3.png 6912w, https:\/\/sliceme.fr\/wp-content\/uploads\/2024\/06\/Design-sans-titre-3-300x150.png 300w, https:\/\/sliceme.fr\/wp-content\/uploads\/2024\/06\/Design-sans-titre-3-1024x512.png 1024w, https:\/\/sliceme.fr\/wp-content\/uploads\/2024\/06\/Design-sans-titre-3-768x384.png 768w, https:\/\/sliceme.fr\/wp-content\/uploads\/2024\/06\/Design-sans-titre-3-1536x768.png 1536w, https:\/\/sliceme.fr\/wp-content\/uploads\/2024\/06\/Design-sans-titre-3-2048x1024.png 2048w\" sizes=\"(max-width: 6912px) 100vw, 6912px\" \/><div class=\"wp-block-cover__inner-container is-layout-flow wp-block-cover-is-layout-flow\">\n<div class=\"wp-block-group\"><div class=\"wp-block-group__inner-container is-layout-flow wp-block-group-is-layout-flow\">\n<div class=\"wp-block-columns are-vertically-aligned-center is-layout-flex wp-container-core-columns-is-layout-2 wp-block-columns-is-layout-flex\">\n<div class=\"wp-block-column is-vertically-aligned-center is-layout-flow wp-block-column-is-layout-flow\" style=\"padding-right:var(--wp--preset--spacing--40);padding-left:var(--wp--preset--spacing--40);flex-basis:50%\">\n<p><\/p>\n\n\n\n<p><\/p>\n\n\n\n<p><\/p>\n\n\n\n<h2 class=\"wp-block-heading has-text-align-left has-neve-text-color-color has-text-color has-large-font-size\">LA FOOD<\/h2>\n\n\n\n<p class=\"has-text-align-left has-neve-text-color-color has-text-color\" style=\"font-size:15px\">Concernant la restauration sur place, Slice fait appel \u00e0 la team de l&rsquo;explosif <strong>BangBang<\/strong>, situ\u00e9 \u00e0 deux pas du Cracki Records Shop ! Plus qu&rsquo;une simple histoire de voisinage, c&rsquo;est avant tout une histoire d&rsquo;amiti\u00e9 qui lie ses deux chefs, <strong>Mads Christensen et Carlos Pe\u00f1arredonda<\/strong>, \u00e0 la team derri\u00e8re Cracki. Sur Slice, BangBang propose une carte \u00e0 s&rsquo;en l\u00eacher les doigts avec en star les fameuses <strong>pizzas d&rsquo;inspiration new-yorkaise <\/strong>et servies \u00e0 la part, ainsi qu&rsquo;une vari\u00e9t\u00e9s de sides d\u00e9tonants qui ne manqueront pas de r\u00e9veiller les papilles des travailleurs du coin comme des f\u00eatards noctambules.&nbsp;<\/p>\n\n\n\n<div class=\"wp-block-buttons is-content-justification-left is-layout-flex wp-container-core-buttons-is-layout-3 wp-block-buttons-is-layout-flex\">\n<div class=\"wp-block-button is-style-primary\"><a class=\"wp-block-button__link has-nv-site-bg-background-color has-background wp-element-button\" href=\"https:\/\/www.instagram.com\/bangbang_belleville\/?hl=fr\">EN SAVOIR PLUS<\/a><\/div>\n<\/div>\n\n\n\n<div style=\"height:40px\" aria-hidden=\"true\" class=\"wp-block-spacer\"><\/div>\n<\/div>\n\n\n\n<div class=\"wp-block-column is-vertically-aligned-center is-layout-flow wp-block-column-is-layout-flow\" style=\"flex-basis:50%\">\n<figure class=\"wp-block-image size-large\"><img loading=\"lazy\" decoding=\"async\" width=\"819\" height=\"1024\" src=\"https:\/\/sliceme.fr\/wp-content\/uploads\/2024\/06\/WhatsApp-Image-2024-06-05-at-14.55.26-819x1024.jpeg\" alt=\"\" class=\"wp-image-91\" srcset=\"https:\/\/sliceme.fr\/wp-content\/uploads\/2024\/06\/WhatsApp-Image-2024-06-05-at-14.55.26-819x1024.jpeg 819w, https:\/\/sliceme.fr\/wp-content\/uploads\/2024\/06\/WhatsApp-Image-2024-06-05-at-14.55.26-240x300.jpeg 240w, https:\/\/sliceme.fr\/wp-content\/uploads\/2024\/06\/WhatsApp-Image-2024-06-05-at-14.55.26-768x961.jpeg 768w, https:\/\/sliceme.fr\/wp-content\/uploads\/2024\/06\/WhatsApp-Image-2024-06-05-at-14.55.26-1228x1536.jpeg 1228w, https:\/\/sliceme.fr\/wp-content\/uploads\/2024\/06\/WhatsApp-Image-2024-06-05-at-14.55.26.jpeg 1279w\" sizes=\"(max-width: 819px) 100vw, 819px\" \/><\/figure>\n<\/div>\n<\/div>\n\n\n\n<div style=\"height:40px\" aria-hidden=\"true\" class=\"wp-block-spacer\"><\/div>\n<\/div><\/div>\n<\/div><\/div>\n\n\n\n<p><\/p>\n\n\n\n<div class=\"wp-block-cover alignfull is-light\" style=\"min-height:600px;aspect-ratio:unset;\"><span aria-hidden=\"true\" class=\"wp-block-cover__background has-background-dim-100 has-background-dim\" style=\"background-color:#f24040\"><\/span><div class=\"wp-block-cover__inner-container is-layout-flow wp-block-cover-is-layout-flow\">\n<div class=\"wp-block-group\"><div class=\"wp-block-group__inner-container is-layout-flow wp-block-group-is-layout-flow\">\n<div class=\"wp-block-columns are-vertically-aligned-center is-layout-flex wp-container-core-columns-is-layout-3 wp-block-columns-is-layout-flex\" style=\"padding-top:0;padding-bottom:0\">\n<div class=\"wp-block-column is-vertically-aligned-center is-layout-flow wp-block-column-is-layout-flow\" style=\"flex-basis:50%\">\n<figure class=\"wp-block-image size-large\"><img loading=\"lazy\" decoding=\"async\" width=\"1024\" height=\"683\" src=\"https:\/\/sliceme.fr\/wp-content\/uploads\/2024\/06\/Cracki-record-shop_2021_VF-1-1024x683.jpg\" alt=\"\" class=\"wp-image-96\" srcset=\"https:\/\/sliceme.fr\/wp-content\/uploads\/2024\/06\/Cracki-record-shop_2021_VF-1-1024x683.jpg 1024w, https:\/\/sliceme.fr\/wp-content\/uploads\/2024\/06\/Cracki-record-shop_2021_VF-1-300x200.jpg 300w, https:\/\/sliceme.fr\/wp-content\/uploads\/2024\/06\/Cracki-record-shop_2021_VF-1-768x512.jpg 768w, https:\/\/sliceme.fr\/wp-content\/uploads\/2024\/06\/Cracki-record-shop_2021_VF-1-930x620.jpg 930w, https:\/\/sliceme.fr\/wp-content\/uploads\/2024\/06\/Cracki-record-shop_2021_VF-1.jpg 1500w\" sizes=\"(max-width: 1024px) 100vw, 1024px\" \/><\/figure>\n<\/div>\n\n\n\n<div class=\"wp-block-column is-vertically-aligned-center is-layout-flow wp-block-column-is-layout-flow\" style=\"padding-top:0;padding-right:var(--wp--preset--spacing--40);padding-bottom:0;padding-left:var(--wp--preset--spacing--40);flex-basis:50%\">\n<div style=\"height:40px\" aria-hidden=\"true\" class=\"wp-block-spacer\"><\/div>\n\n\n\n<h2 class=\"wp-block-heading has-text-align-left has-nv-text-dark-bg-color has-text-color has-large-font-size\">CRACKI RECORDS<\/h2>\n\n\n\n<h4 class=\"wp-block-heading has-nv-site-bg-color has-text-color has-link-color wp-elements-532abcabff6eac68337e02be261a1e94\">Fondateur du projet<\/h4>\n\n\n\n<p class=\"has-text-align-left has-nv-text-dark-bg-color has-text-color\" style=\"font-size:14px\">Label ind\u00e9pendant parisien fond\u00e9 en 2009, Cracki Records a vu \u00e9clore bon nombre de projets fran\u00e7ais de renoms comme <strong>Agar Agar<\/strong>, <strong>Folamour<\/strong>, <strong>Saint DX<\/strong>, <strong>L\u2019imp\u00e9ratrice <\/strong>ou bien <strong>Isaac Delusion<\/strong>. Pr\u00e9curseur, d\u00e9fricheur, connexionneur, l\u2019\u00e9l\u00e9phant accompagne depuis une quinzaine d\u2019ann\u00e9es les futurs talents de la sc\u00e8ne fran\u00e7aise et internationale. Ayant \u00e9galement un pied dans la promotion d\u2019\u00e9v\u00e9nements avec la co-cr\u00e9ation du Macki Music Festival attirant plus de 10 000 personnes par \u00e9dition et des rendez-vous r\u00e9guliers \u00e0 la Prairie du Canal \u00e0 Bobigny.&nbsp;<\/p>\n\n\n\n<div class=\"wp-block-buttons is-content-justification-left is-layout-flex wp-container-core-buttons-is-layout-4 wp-block-buttons-is-layout-flex\">\n<div class=\"wp-block-button is-style-primary\"><a class=\"wp-block-button__link has-nv-dark-bg-color has-nv-site-bg-background-color has-text-color has-background has-link-color wp-element-button\" href=\"https:\/\/www.crackirecords.com\">EN SAVOIR PLUS<\/a><\/div>\n<\/div>\n<\/div>\n<\/div>\n<\/div><\/div>\n<\/div><\/div>\n\n\n\n<div style=\"height:40px\" aria-hidden=\"true\" class=\"wp-block-spacer\"><\/div>\n","protected":false},"excerpt":{"rendered":"","protected":false},"author":1,"featured_media":0,"parent":0,"menu_order":0,"comment_status":"closed","ping_status":"closed","template":"","meta":{"saved_in_kubio":true,"_monsterinsights_skip_tracking":false,"_monsterinsights_sitenote_active":false,"_monsterinsights_sitenote_note":"","_monsterinsights_sitenote_category":0,"footnotes":""},"aioseo_notices":[],"kubio_ai_page_context":{"short_desc":"","purpose":"general"},"_links":{"self":[{"href":"https:\/\/sliceme.fr\/index.php\/wp-json\/wp\/v2\/pages\/6"}],"collection":[{"href":"https:\/\/sliceme.fr\/index.php\/wp-json\/wp\/v2\/pages"}],"about":[{"href":"https:\/\/sliceme.fr\/index.php\/wp-json\/wp\/v2\/types\/page"}],"author":[{"embeddable":true,"href":"https:\/\/sliceme.fr\/index.php\/wp-json\/wp\/v2\/users\/1"}],"replies":[{"embeddable":true,"href":"https:\/\/sliceme.fr\/index.php\/wp-json\/wp\/v2\/comments?post=6"}],"version-history":[{"count":63,"href":"https:\/\/sliceme.fr\/index.php\/wp-json\/wp\/v2\/pages\/6\/revisions"}],"predecessor-version":[{"id":280,"href":"https:\/\/sliceme.fr\/index.php\/wp-json\/wp\/v2\/pages\/6\/revisions\/280"}],"wp:attachment":[{"href":"https:\/\/sliceme.fr\/index.php\/wp-json\/wp\/v2\/media?parent=6"}],"curies":[{"name":"wp","href":"https:\/\/api.w.org\/{rel}","templated":true}]}}